{"id":75,"date":"2022-12-16T12:28:45","date_gmt":"2022-12-16T12:28:45","guid":{"rendered":"http:\/\/www.kocaslar.com\/?page_id=75"},"modified":"2023-03-22T11:01:49","modified_gmt":"2023-03-22T11:01:49","slug":"kalite-ve-gida-guvenligi-politikamiz","status":"publish","type":"page","link":"http:\/\/www.kocaslar.com\/?page_id=75","title":{"rendered":"KAL\u0130TE VE GIDA G\u00dcVENL\u0130\u011e\u0130 POL\u0130T\u0130KAMIZ"},"content":{"rendered":"<p><img loading=\"lazy\" decoding=\"async\" class=\"alignnone wp-image-82\" src=\"http:\/\/www.kocaslar.com\/wp-content\/uploads\/2023\/03\/kalite2-300x224.png\" alt=\"\" width=\"666\" height=\"497\" srcset=\"http:\/\/www.kocaslar.com\/wp-content\/uploads\/2023\/03\/kalite2-300x224.png 300w, http:\/\/www.kocaslar.com\/wp-content\/uploads\/2023\/03\/kalite2-768x573.png 768w, http:\/\/www.kocaslar.com\/wp-content\/uploads\/2023\/03\/kalite2.png 989w\" sizes=\"auto, (max-width: 666px) 100vw, 666px\" \/><\/p>\n","protected":false},"excerpt":{"rendered":"","protected":false},"author":1,"featured_media":0,"parent":0,"menu_order":0,"comment_status":"closed","ping_status":"closed","template":"","meta":{"footnotes":""},"class_list":["post-75","page","type-page","status-publish","hentry","post"],"_links":{"self":[{"href":"http:\/\/www.kocaslar.com\/index.php?rest_route=\/wp\/v2\/pages\/75","targetHints":{"allow":["GET"]}}],"collection":[{"href":"http:\/\/www.kocaslar.com\/index.php?rest_route=\/wp\/v2\/pages"}],"about":[{"href":"http:\/\/www.kocaslar.com\/index.php?rest_route=\/wp\/v2\/types\/page"}],"author":[{"embeddable":true,"href":"http:\/\/www.kocaslar.com\/index.php?rest_route=\/wp\/v2\/users\/1"}],"replies":[{"embeddable":true,"href":"http:\/\/www.kocaslar.com\/index.php?rest_route=%2Fwp%2Fv2%2Fcomments&post=75"}],"version-history":[{"count":7,"href":"http:\/\/www.kocaslar.com\/index.php?rest_route=\/wp\/v2\/pages\/75\/revisions"}],"predecessor-version":[{"id":85,"href":"http:\/\/www.kocaslar.com\/index.php?rest_route=\/wp\/v2\/pages\/75\/revisions\/85"}],"wp:attachment":[{"href":"http:\/\/www.kocaslar.com\/index.php?rest_route=%2Fwp%2Fv2%2Fmedia&parent=75"}],"curies":[{"name":"wp","href":"https:\/\/api.w.org\/{rel}","templated":true}]}}